{"id":3,"date":"2025-09-13T14:16:44","date_gmt":"2025-09-13T11:16:44","guid":{"rendered":"https:\/\/hexestmaterials.ee\/?page_id=3"},"modified":"2026-01-22T15:45:07","modified_gmt":"2026-01-22T13:45:07","slug":"andmekaitsetingimused","status":"publish","type":"page","link":"https:\/\/hexestmaterials.ee\/et\/andmekaitsetingimused\/","title":{"rendered":"Privaatsuspoliitika \u2013 Hexest Materials AS"},"content":{"rendered":"\n<div style=\"height:93px\" aria-hidden=\"true\" class=\"wp-block-spacer\"><\/div>\n\n\n\n<div style=\"height:51px\" aria-hidden=\"true\" class=\"wp-block-spacer\"><\/div>\n\n\n\n<h2 class=\"wp-block-heading\">HEXEST MATERIALS AS \u2013 PRIVAATSUSPOLIITIKA<\/h2>\n\n\n\n<p>Kehtiv alates: 01.01.2026<\/p>\n\n\n\n<div style=\"height:52px\" aria-hidden=\"true\" class=\"wp-block-spacer\"><\/div>\n\n\n\n<p class=\"has-medium-font-size\">K\u00e4esolev privaatsuspoliitika kirjeldab, kuidas Hexest Materials AS (\u201eHexest\u201c, \u201emeie\u201c) t\u00f6\u00f6tleb isikuandmeid oma veebilehel, v\u00e4rbamisel, suhtluses, partneritega koost\u00f6\u00f6s ja muus ettev\u00f5tte tegevuses. T\u00f6\u00f6tleme isikuandmeid koosk\u00f5las Euroopa Liidu isikuandmete kaitse \u00fcldm\u00e4\u00e4rusega (GDPR) ja Eesti \u00f5igusaktidega.<\/p>\n\n\n\n<div style=\"height:34px\" aria-hidden=\"true\" class=\"wp-block-spacer\"><\/div>\n\n\n\n<h3 class=\"wp-block-heading\">1. VASTUTAV T\u00d6\u00d6TLEJA<\/h3>\n\n\n\n<p>Hexest Materials AS<\/p>\n\n\n\n<p>Registrikood: 17268480<\/p>\n\n\n\n<p>Aadress: Suur\u2011Ameerika 1, 10122 Tallinn, Eesti<\/p>\n\n\n\n<p>E-post: <a href=\"mailto:info@hexestmaterials.ee\">info@hexestmaterials.ee<\/a><\/p>\n\n\n\n<p>Meedia kontakt: meedia@hexestmaterials.ee<\/p>\n\n\n\n<p>KMKR: EE102878839<\/p>\n\n\n\n<div style=\"height:56px\" aria-hidden=\"true\" class=\"wp-block-spacer\"><\/div>\n\n\n\n<h3 class=\"wp-block-heading\">2. T\u00d6\u00d6DELDAVAD ISIKUANDMED, EESM\u00c4RGID, \u00d5IGUSLIK ALUS JA S\u00c4ILITUST\u00c4HTAJAD<\/h3>\n\n\n\n<figure class=\"wp-block-table\"><table class=\"has-fixed-layout\"><tbody><tr><td><strong>T\u00f6\u00f6tlustoiming<\/strong><\/td><td><strong>T\u00f6\u00f6deldavad andmed<\/strong><\/td><td><strong>\u00d5iguslik alus (sh seaduse viide, kui kohaldub)<\/strong><\/td><td><strong>S\u00e4ilitust\u00e4htaeg<\/strong><\/td><\/tr><tr><td>Veebilehe logid ja turvalisus<\/td><td>IP-aadress, seadmeinfo, logid, k\u00fcpsiste andmed<\/td><td>GDPR art 6(1)(f) \u2013 \u00f5igustatud huvi (IT\u2011turvalisuse ja toimivuse tagamine)<\/td><td>1 aasta<\/td><\/tr><tr><td>P\u00e4ringud ja suhtlus<\/td><td>Nimi, e\u2011post, telefon, p\u00e4ringu sisu<\/td><td>GDPR art 6(1)(b) \u2013 lepingu s\u00f5lmimiseelne toiming v\u00f5i art 6(1)(f) \u2013 \u00f5igustatud huvi<\/td><td>2 aastat alates viimasest kontaktist<\/td><\/tr><tr><td>Kliendilepingud ja kliendisuhtlus<\/td><td>Kontaktandmed, suhtlus, lepingud, arveldusinfo<\/td><td>GDPR art 6(1)(b) \u2013 lepingu t\u00e4itmine<\/td><td>3 aastat p\u00e4rast lepingu l\u00f5ppu; algdokumendid vastavalt RPS\u2011ile 7 a<\/td><\/tr><tr><td>Raamatupidamine<\/td><td>Arved, maksedokumendid, kliendi nimi ja kontakt<\/td><td>GDPR art 6(1)(c) \u2013 \u00f5iguslik kohustus (Raamatupidamise seadus \u00a7 12, \u00a7 7 lg 1)<\/td><td>7 aastat (RPS)<\/td><\/tr><tr><td>Maksukohustustega seotud dokumendid<\/td><td>Maksudokumendid, deklaratsioonidega seotud andmed<\/td><td>GDPR art 6(1)(c) \u2013 \u00f5iguslik kohustus (Maksukorralduse seadus)<\/td><td>Vastavalt seaduses s\u00e4testatule (\u00fcldjuhul kuni aegumiseni)<\/td><\/tr><tr><td>Turundus ja uudiskirjad<\/td><td>Nimi, e\u2011post<\/td><td>GDPR art 6(1)(a) \u2013 n\u00f5usolek (v\u00f5imalik loobumine igal ajal)<\/td><td>Kuni n\u00f5usoleku tagasiv\u00f5tmiseni<\/td><\/tr><tr><td>T\u00f6\u00f6le kandideerijate andmed<\/td><td>CV, kaaskiri, t\u00f6\u00f6\u2011 ja haridusandmed, soovitused, v\u00e4rbamissuhtlus<\/td><td>GDPR art 6(1)(b) \u2013 lepingu s\u00f5lmimiseelne toiming; t\u00e4iendavad andmed n\u00f5usolekul (art 6(1)(a))<\/td><td>1 aasta p\u00e4rast v\u00e4rbamisprotsessi l\u00f5ppu (pikemalt vaid n\u00f5usolekul)<\/td><\/tr><tr><td>T\u00f6\u00f6tajate andmed<\/td><td>T\u00f6\u00f6leping, t\u00f6\u00f6korraldus, t\u00f6\u00f6ajaarvestus, puhkused, palgaandmed, koolitused<\/td><td>GDPR art 6(1)(b) \u2013 lepingu t\u00e4itmine; art 6(1)(c) \u2013 \u00f5iguslik kohustus (T\u00f6\u00f6lepingu seadus; T\u00f6\u00f6keskkonna seadus)<\/td><td>Vastavalt seadustele ja sisemisele s\u00e4ilituskorrale (\u00fcldjuhul 5\u201310 a)<\/td><\/tr><tr><td>Tarnijad ja partnerid<\/td><td>Kontaktandmed, lepingud, suhtlus<\/td><td>GDPR art 6(1)(b) \u2013 lepingu t\u00e4itmine v\u00f5i art 6(1)(f) \u2013 \u00f5igustatud huvi<\/td><td>3 aastat p\u00e4rast koost\u00f6\u00f6 l\u00f5ppu; algdokumendid RPS 7 a<\/td><\/tr><tr><td>\u00d5iguslike n\u00f5uete t\u00f5endamine ja vaidlused<\/td><td>Asjakohased dokumendid, kirjavahetus<\/td><td>GDPR art 6(1)(f) \u2013 \u00f5igustatud huvi (\u00f5iguste kaitse ja n\u00f5uete t\u00f5endamine)<\/td><td>Kuni n\u00f5uete aegumiseni (tavaliselt 3 a)<\/td><\/tr><\/tbody><\/table><\/figure>\n\n\n\n<div style=\"height:30px\" aria-hidden=\"true\" class=\"wp-block-spacer\"><\/div>\n\n\n\n<h3 class=\"wp-block-heading\">3. ISIKUANDMETE ALLIKAD<\/h3>\n\n\n\n<p>T\u00f6\u00f6tleme andmeid: (i) otse andmesubjektilt (p\u00e4ringud, lepingud, kandideerimine), (ii) automaatselt veebilehe kasutamisel (logid, k\u00fcpsised), (iii) t\u00f6\u00f6portaalidest ja avalikest allikatest v\u00e4rbamisel, (iv) lepingupartneritelt, kui see on lepingu t\u00e4itmiseks vajalik.<\/p>\n\n\n\n<div style=\"height:38px\" aria-hidden=\"true\" class=\"wp-block-spacer\"><\/div>\n\n\n\n<h3 class=\"wp-block-heading\">4. ANDMETE EDASTAMINE JA VOLITATUD T\u00d6\u00d6TLEJAD<\/h3>\n\n\n\n<p>Isikuandmeid edastatakse \u00fcksnes vajadusp\u00f5hiselt ja koosk\u00f5las \u00f5igusaktidega. Kasutame volitatud t\u00f6\u00f6tlejatena serveri- ja IT\u2011teenuse pakkujaid, raamatupidamisteenuse osutajaid, v\u00e4rbamisplatvorme ja t\u00f6\u00f6vahenduspartnereid ning vajadusel \u00f5igusn\u00f5ustajaid v\u00f5i audiitoreid. Andmeid ei edastata v\u00e4ljapoole EMP\u2011i, v\u00e4lja arvatud juhul, kui on tagatud GDPR\u2011i kohased kaitsemeetmed.<\/p>\n\n\n\n<div style=\"height:29px\" aria-hidden=\"true\" class=\"wp-block-spacer\"><\/div>\n\n\n\n<h3 class=\"wp-block-heading\">5. ANDMESUBJEKTI \u00d5IGUSED<\/h3>\n\n\n\n<p>Isikul on \u00f5igus juurdep\u00e4\u00e4sule, parandamisele, kustutamisele, t\u00f6\u00f6tlemise piiramisele, andmete \u00fclekandmisele, vastuv\u00e4itele ja n\u00f5usoleku tagasiv\u00f5tmisele. Kaebuse saab esitada Andmekaitse Inspektsioonile (aki.ee). P\u00e4ringud palume saata aadressile <a href=\"mailto:info@hexestmaterials.ee\"><strong>info@hexestmaterials.ee<\/strong><\/a>.<\/p>\n\n\n\n<div style=\"height:31px\" aria-hidden=\"true\" class=\"wp-block-spacer\"><\/div>\n\n\n\n<h3 class=\"wp-block-heading\">6. S\u00c4ILITAMISP\u00d5HIM\u00d5TTED<\/h3>\n\n\n\n<p>S\u00e4ilitame isikuandmeid \u00fcksnes nii kaua, kui see on vajalik k\u00e4esolevas poliitikas kirjeldatud eesm\u00e4rkide t\u00e4itmiseks v\u00f5i kuni seadus seda n\u00f5uab. Rakendame perioodilisi \u00fclevaatusi ja kustutamist vastavalt s\u00e4ilitust\u00e4htaegadele.<\/p>\n\n\n\n<div style=\"height:32px\" aria-hidden=\"true\" class=\"wp-block-spacer\"><\/div>\n\n\n\n<h3 class=\"wp-block-heading\">7. TURVAMEETMED<\/h3>\n\n\n\n<p>Rakendame tehnilisi ja organisatsioonilisi turvameetmeid: rollip\u00f5hised ligip\u00e4\u00e4sud, kr\u00fcpteeritud andmeside, turvaline majutus, logimine ja monitooring, ligip\u00e4\u00e4su auditeerimine ning t\u00f6\u00f6tajate regulaarne koolitamine.<\/p>\n\n\n\n<div style=\"height:35px\" aria-hidden=\"true\" class=\"wp-block-spacer\"><\/div>\n\n\n\n<h3 class=\"wp-block-heading\">8. K\u00dcPSISED<\/h3>\n\n\n\n<p>Kasutame vajalikke k\u00fcpsiseid ja, kui kasutaja annab n\u00f5usoleku, anal\u00fc\u00fctikak\u00fcpsiseid. Detailid (liigid, eesm\u00e4rgid, s\u00e4ilitusajad) on kirjeldatud eraldi k\u00fcpsisepoliitikas. Hexest Materials AS k\u00fcpsistepoliitika on leitav j\u00e4rgmisel lingil:\u00a0<a href=\"https:\/\/hexestmaterials.ee\/kupsistepoliitika-hexest-materials-as\/\"><strong>k\u00fcpsistepoliitika<\/strong><\/a>.<\/p>\n\n\n\n<div style=\"height:32px\" aria-hidden=\"true\" class=\"wp-block-spacer\"><\/div>\n\n\n\n<h3 class=\"wp-block-heading\">9. KANDIDEERIMINE JA V\u00c4RBAMISPROTSESS<\/h3>\n\n\n\n<p>V\u00e4rbamisel t\u00f6\u00f6tleme kandidaadi andmeid t\u00f6\u00f6alase sobivuse hindamiseks, sh vajadusel taustakontrolli tegemiseks seaduse piires. Andmeid s\u00e4ilitatakse 1 aasta p\u00e4rast v\u00e4rbamise l\u00f5ppu, v\u00e4lja arvatud juhul, kui kandidaat lubab pikemat s\u00e4ilitamist.<\/p>\n\n\n\n<div style=\"height:36px\" aria-hidden=\"true\" class=\"wp-block-spacer\"><\/div>\n\n\n\n<h3 class=\"wp-block-heading\">10. POLIITIKA AJAKOHASTAMINE<\/h3>\n\n\n\n<p>Hexest Materials AS j\u00e4tab endale \u00f5iguse privaatsuspoliitikat ajakohastada. Kehtiv versioon avaldatakse kodulehel ning j\u00f5ustub avaldamisel, kui ei ole m\u00e4rgitud teisiti.<br>E-post:\u00a0<a href=\"mailto:info@hexestmaterials.ee\"><strong>info@hexestmaterials.ee<\/strong><\/a><\/p>\n\n\n\n<p class=\"has-small-font-size\"><br><\/p>\n\n\n\n<p><\/p>\n","protected":false},"excerpt":{"rendered":"<p>HEXEST MATERIALS AS \u2013 PRIVAATSUSPOLIITIKA Kehtiv alates: 01.01.2026 K\u00e4esolev privaatsuspoliitika kirjeldab, kuidas Hexest Materials AS (\u201eHexest\u201c, \u201emeie\u201c) t\u00f6\u00f6tleb isikuandmeid oma veebilehel, v\u00e4rbamisel, suhtluses, partneritega koost\u00f6\u00f6s ja muus ettev\u00f5tte tegevuses. T\u00f6\u00f6tleme&#8230;<\/p>\n","protected":false},"author":1,"featured_media":0,"parent":0,"menu_order":0,"comment_status":"closed","ping_status":"closed","template":"","meta":{"footnotes":"[]"},"class_list":["post-3","page","type-page","status-publish"],"yoast_head":"<!-- This site is optimized with the Yoast SEO plugin v27.3 - https:\/\/yoast.com\/product\/yoast-seo-wordpress\/ -->\n<title>Privaatsuspoliitika \u2013 Hexest Materials AS - Hexest Materials<\/title>\n<meta name=\"robots\" content=\"index, follow, max-snippet:-1, max-image-preview:large, max-video-preview:-1\" \/>\n<link rel=\"canonical\" href=\"https:\/\/hexestmaterials.ee\/et\/andmekaitsetingimused\/\" \/>\n<meta property=\"og:locale\" content=\"et_EE\" \/>\n<meta property=\"og:type\" content=\"article\" \/>\n<meta property=\"og:title\" content=\"Privaatsuspoliitika \u2013 Hexest Materials AS - Hexest Materials\" \/>\n<meta property=\"og:description\" content=\"HEXEST MATERIALS AS \u2013 PRIVAATSUSPOLIITIKA Kehtiv alates: 01.01.2026 K\u00e4esolev privaatsuspoliitika kirjeldab, kuidas Hexest Materials AS (\u201eHexest\u201c, \u201emeie\u201c) t\u00f6\u00f6tleb isikuandmeid oma veebilehel, v\u00e4rbamisel, suhtluses, partneritega koost\u00f6\u00f6s ja muus ettev\u00f5tte tegevuses. T\u00f6\u00f6tleme...\" \/>\n<meta property=\"og:url\" content=\"https:\/\/hexestmaterials.ee\/et\/andmekaitsetingimused\/\" \/>\n<meta property=\"og:site_name\" content=\"Hexest Materials\" \/>\n<meta property=\"article:modified_time\" content=\"2026-01-22T13:45:07+00:00\" \/>\n<meta property=\"og:image\" content=\"https:\/\/hexestmaterials.ee\/wp-content\/uploads\/2026\/01\/hexest-social.jpg\" \/>\n\t<meta property=\"og:image:width\" content=\"1200\" \/>\n\t<meta property=\"og:image:height\" content=\"675\" \/>\n\t<meta property=\"og:image:type\" content=\"image\/jpeg\" \/>\n<meta name=\"twitter:card\" content=\"summary_large_image\" \/>\n<meta name=\"twitter:label1\" content=\"Est. reading time\" \/>\n\t<meta name=\"twitter:data1\" content=\"3 minutit\" \/>\n<script type=\"application\/ld+json\" class=\"yoast-schema-graph\">{\"@context\":\"https:\\\/\\\/schema.org\",\"@graph\":[{\"@type\":\"WebPage\",\"@id\":\"https:\\\/\\\/hexestmaterials.ee\\\/et\\\/andmekaitsetingimused\\\/\",\"url\":\"https:\\\/\\\/hexestmaterials.ee\\\/et\\\/andmekaitsetingimused\\\/\",\"name\":\"Privaatsuspoliitika \u2013 Hexest Materials AS - Hexest Materials\",\"isPartOf\":{\"@id\":\"https:\\\/\\\/hexestmaterials.ee\\\/et\\\/#website\"},\"datePublished\":\"2025-09-13T11:16:44+00:00\",\"dateModified\":\"2026-01-22T13:45:07+00:00\",\"breadcrumb\":{\"@id\":\"https:\\\/\\\/hexestmaterials.ee\\\/et\\\/andmekaitsetingimused\\\/#breadcrumb\"},\"inLanguage\":\"et\",\"potentialAction\":[{\"@type\":\"ReadAction\",\"target\":[\"https:\\\/\\\/hexestmaterials.ee\\\/et\\\/andmekaitsetingimused\\\/\"]}]},{\"@type\":\"BreadcrumbList\",\"@id\":\"https:\\\/\\\/hexestmaterials.ee\\\/et\\\/andmekaitsetingimused\\\/#breadcrumb\",\"itemListElement\":[{\"@type\":\"ListItem\",\"position\":1,\"name\":\"Home\",\"item\":\"https:\\\/\\\/hexestmaterials.ee\\\/et\\\/\"},{\"@type\":\"ListItem\",\"position\":2,\"name\":\"Privaatsuspoliitika \u2013 Hexest Materials AS\"}]},{\"@type\":\"WebSite\",\"@id\":\"https:\\\/\\\/hexestmaterials.ee\\\/et\\\/#website\",\"url\":\"https:\\\/\\\/hexestmaterials.ee\\\/et\\\/\",\"name\":\"Hexest Materials\",\"description\":\"\",\"publisher\":{\"@id\":\"https:\\\/\\\/hexestmaterials.ee\\\/et\\\/#organization\"},\"potentialAction\":[{\"@type\":\"SearchAction\",\"target\":{\"@type\":\"EntryPoint\",\"urlTemplate\":\"https:\\\/\\\/hexestmaterials.ee\\\/et\\\/?s={search_term_string}\"},\"query-input\":{\"@type\":\"PropertyValueSpecification\",\"valueRequired\":true,\"valueName\":\"search_term_string\"}}],\"inLanguage\":\"et\"},{\"@type\":\"Organization\",\"@id\":\"https:\\\/\\\/hexestmaterials.ee\\\/et\\\/#organization\",\"name\":\"Hexest Materials AS\",\"url\":\"https:\\\/\\\/hexestmaterials.ee\\\/et\\\/\",\"logo\":{\"@type\":\"ImageObject\",\"inLanguage\":\"et\",\"@id\":\"https:\\\/\\\/hexestmaterials.ee\\\/et\\\/#\\\/schema\\\/logo\\\/image\\\/\",\"url\":\"https:\\\/\\\/hexestmaterials.ee\\\/wp-content\\\/uploads\\\/2026\\\/01\\\/hexest-social.jpg\",\"contentUrl\":\"https:\\\/\\\/hexestmaterials.ee\\\/wp-content\\\/uploads\\\/2026\\\/01\\\/hexest-social.jpg\",\"width\":1200,\"height\":675,\"caption\":\"Hexest Materials AS\"},\"image\":{\"@id\":\"https:\\\/\\\/hexestmaterials.ee\\\/et\\\/#\\\/schema\\\/logo\\\/image\\\/\"}}]}<\/script>\n<!-- \/ Yoast SEO plugin. -->","yoast_head_json":{"title":"Privaatsuspoliitika \u2013 Hexest Materials AS - Hexest Materials","robots":{"index":"index","follow":"follow","max-snippet":"max-snippet:-1","max-image-preview":"max-image-preview:large","max-video-preview":"max-video-preview:-1"},"canonical":"https:\/\/hexestmaterials.ee\/et\/andmekaitsetingimused\/","og_locale":"et_EE","og_type":"article","og_title":"Privaatsuspoliitika \u2013 Hexest Materials AS - Hexest Materials","og_description":"HEXEST MATERIALS AS \u2013 PRIVAATSUSPOLIITIKA Kehtiv alates: 01.01.2026 K\u00e4esolev privaatsuspoliitika kirjeldab, kuidas Hexest Materials AS (\u201eHexest\u201c, \u201emeie\u201c) t\u00f6\u00f6tleb isikuandmeid oma veebilehel, v\u00e4rbamisel, suhtluses, partneritega koost\u00f6\u00f6s ja muus ettev\u00f5tte tegevuses. T\u00f6\u00f6tleme...","og_url":"https:\/\/hexestmaterials.ee\/et\/andmekaitsetingimused\/","og_site_name":"Hexest Materials","article_modified_time":"2026-01-22T13:45:07+00:00","og_image":[{"width":1200,"height":675,"url":"https:\/\/hexestmaterials.ee\/wp-content\/uploads\/2026\/01\/hexest-social.jpg","type":"image\/jpeg"}],"twitter_card":"summary_large_image","twitter_misc":{"Est. reading time":"3 minutit"},"schema":{"@context":"https:\/\/schema.org","@graph":[{"@type":"WebPage","@id":"https:\/\/hexestmaterials.ee\/et\/andmekaitsetingimused\/","url":"https:\/\/hexestmaterials.ee\/et\/andmekaitsetingimused\/","name":"Privaatsuspoliitika \u2013 Hexest Materials AS - Hexest Materials","isPartOf":{"@id":"https:\/\/hexestmaterials.ee\/et\/#website"},"datePublished":"2025-09-13T11:16:44+00:00","dateModified":"2026-01-22T13:45:07+00:00","breadcrumb":{"@id":"https:\/\/hexestmaterials.ee\/et\/andmekaitsetingimused\/#breadcrumb"},"inLanguage":"et","potentialAction":[{"@type":"ReadAction","target":["https:\/\/hexestmaterials.ee\/et\/andmekaitsetingimused\/"]}]},{"@type":"BreadcrumbList","@id":"https:\/\/hexestmaterials.ee\/et\/andmekaitsetingimused\/#breadcrumb","itemListElement":[{"@type":"ListItem","position":1,"name":"Home","item":"https:\/\/hexestmaterials.ee\/et\/"},{"@type":"ListItem","position":2,"name":"Privaatsuspoliitika \u2013 Hexest Materials AS"}]},{"@type":"WebSite","@id":"https:\/\/hexestmaterials.ee\/et\/#website","url":"https:\/\/hexestmaterials.ee\/et\/","name":"Hexest Materials","description":"","publisher":{"@id":"https:\/\/hexestmaterials.ee\/et\/#organization"},"potentialAction":[{"@type":"SearchAction","target":{"@type":"EntryPoint","urlTemplate":"https:\/\/hexestmaterials.ee\/et\/?s={search_term_string}"},"query-input":{"@type":"PropertyValueSpecification","valueRequired":true,"valueName":"search_term_string"}}],"inLanguage":"et"},{"@type":"Organization","@id":"https:\/\/hexestmaterials.ee\/et\/#organization","name":"Hexest Materials AS","url":"https:\/\/hexestmaterials.ee\/et\/","logo":{"@type":"ImageObject","inLanguage":"et","@id":"https:\/\/hexestmaterials.ee\/et\/#\/schema\/logo\/image\/","url":"https:\/\/hexestmaterials.ee\/wp-content\/uploads\/2026\/01\/hexest-social.jpg","contentUrl":"https:\/\/hexestmaterials.ee\/wp-content\/uploads\/2026\/01\/hexest-social.jpg","width":1200,"height":675,"caption":"Hexest Materials AS"},"image":{"@id":"https:\/\/hexestmaterials.ee\/et\/#\/schema\/logo\/image\/"}}]}},"_links":{"self":[{"href":"https:\/\/hexestmaterials.ee\/et\/wp-json\/wp\/v2\/pages\/3","targetHints":{"allow":["GET"]}}],"collection":[{"href":"https:\/\/hexestmaterials.ee\/et\/wp-json\/wp\/v2\/pages"}],"about":[{"href":"https:\/\/hexestmaterials.ee\/et\/wp-json\/wp\/v2\/types\/page"}],"author":[{"embeddable":true,"href":"https:\/\/hexestmaterials.ee\/et\/wp-json\/wp\/v2\/users\/1"}],"replies":[{"embeddable":true,"href":"https:\/\/hexestmaterials.ee\/et\/wp-json\/wp\/v2\/comments?post=3"}],"version-history":[{"count":14,"href":"https:\/\/hexestmaterials.ee\/et\/wp-json\/wp\/v2\/pages\/3\/revisions"}],"predecessor-version":[{"id":6645,"href":"https:\/\/hexestmaterials.ee\/et\/wp-json\/wp\/v2\/pages\/3\/revisions\/6645"}],"wp:attachment":[{"href":"https:\/\/hexestmaterials.ee\/et\/wp-json\/wp\/v2\/media?parent=3"}],"curies":[{"name":"wp","href":"https:\/\/api.w.org\/{rel}","templated":true}]}}