{"id":6075,"date":"2025-09-14T23:11:00","date_gmt":"2025-09-14T20:11:00","guid":{"rendered":"https:\/\/hexestmaterials.ee\/?page_id=6075"},"modified":"2026-01-22T12:53:47","modified_gmt":"2026-01-22T10:53:47","slug":"tutvustus","status":"publish","type":"page","link":"https:\/\/hexestmaterials.ee\/et\/tutvustus\/","title":{"rendered":"Tutvustus"},"content":{"rendered":"[vc_row type=\"in_container\" full_screen_row_position=\"middle\" column_margin=\"90px\" column_direction=\"default\" column_direction_tablet=\"default\" column_direction_phone=\"default\" scene_position=\"center\" text_color=\"dark\" text_align=\"left\" row_border_radius=\"none\" row_border_radius_applies=\"bg\" row_position_desktop=\"default\" row_position_tablet=\"inherit\" row_position_phone=\"inherit\" overflow=\"visible\" overlay_strength=\"0.3&#8243; gradient_direction=\"left_to_right\" shape_divider_position=\"bottom\" bg_image_animation=\"none\" shape_type=\"\" gradient_type=\"default\"][vc_column column_padding=\"padding-5-percent\" column_padding_tablet=\"inherit\" column_padding_phone=\"inherit\" column_padding_position=\"all\" flex_gap_desktop=\"10px\" column_element_direction_desktop=\"default\" column_element_spacing=\"default\" desktop_text_alignment=\"default\" tablet_text_alignment=\"default\" phone_text_alignment=\"default\" background_color_opacity=\"1&#8243; background_hover_color_opacity=\"1&#8243; column_backdrop_filter=\"none\" column_shadow=\"none\" column_border_radius=\"none\" column_link_target=\"_self\" column_position=\"default\" gradient_direction=\"left_to_right\" overlay_strength=\"0.3&#8243; width=\"1\/1&#8243; tablet_width_inherit=\"default\" animation_type=\"default\" bg_image_animation=\"zoom-out-reveal\" border_type=\"simple\" column_border_width=\"none\" column_border_style=\"solid\" column_padding_type=\"default\" gradient_type=\"default\"][split_line_heading line_reveal_by_space_text_effect=\"default\" font_style=\"h1&#8243; content_alignment=\"center\" mobile_content_alignment=\"inherit\" animation_type=\"line-reveal-by-space\" link_target=\"_self\" text_content=\"Tutvustus\" text_direction=\"default\" font_size=\"48&#8243;][\/split_line_heading][vc_row_inner column_margin=\"default\" column_direction=\"default\" column_direction_tablet=\"default\" column_direction_phone=\"default\" text_align=\"left\" row_position=\"default\" row_position_tablet=\"inherit\" row_position_phone=\"inherit\" overflow=\"visible\" pointer_events=\"all\"][vc_column_inner column_padding=\"no-extra-padding\" column_padding_tablet=\"inherit\" column_padding_phone=\"inherit\" column_padding_position=\"all\" flex_gap_desktop=\"10px\" column_element_direction_desktop=\"default\" column_element_spacing=\"default\" desktop_text_alignment=\"default\" tablet_text_alignment=\"default\" phone_text_alignment=\"default\" background_color_opacity=\"1&#8243; background_hover_color_opacity=\"1&#8243; column_backdrop_filter=\"none\" column_shadow=\"none\" column_border_radius=\"none\" column_link_target=\"_self\" overflow=\"visible\" gradient_direction=\"left_to_right\" overlay_strength=\"0.3&#8243; width=\"1\/1&#8243; tablet_width_inherit=\"default\" animation_type=\"default\" enable_animation=\"true\" animation=\"fade-in-from-bottom\" animation_easing=\"default\" bg_image_animation=\"none\" border_type=\"simple\" column_border_width=\"none\" column_border_style=\"solid\"][vc_column_text css=\"\" text_direction=\"default\"]Hexest Materials AS on riigi osalusega \u00e4ri\u00fching, mis on asutatud 28.05.2025 Eesti Vabariigi poolt. Ettev\u00f5tte \u00fclesandeks on s\u00f5jalise l\u00f5hkeaine tootmise rajamine Eestisse, et v\u00e4hendada l\u00f5hkeaine puuduj\u00e4\u00e4ki Euroopa kaitset\u00f6\u00f6stuses, arendada Eesti kaitset\u00f6\u00f6stust ja kaitsev\u00f5imet ning elavdada Eesti majandust.<\/p>\n<p>Ettev\u00f5te on Eesti Kaitse- ja Kosmoset\u00f6\u00f6stuse Liidu liige tugevdades nii valdkonna innovatsiooniv\u00f5imekust kui ka riigikaitselist koost\u00f6\u00f6d laiemalt.<\/p>\n[\/vc_column_text][image_with_animation image_url=\"6568&#8243; image_size=\"full\" max_width=\"custom\" animation_type=\"entrance\" animation=\"None\" animation_movement_type=\"transform_y\" hover_animation=\"none\" alignment=\"center\" border_radius=\"none\" box_shadow=\"none\" image_loading=\"default\" max_width_custom=\"30%\"][\/vc_column_inner][\/vc_row_inner][\/vc_column][\/vc_row]\n","protected":false},"excerpt":{"rendered":"<p>[vc_row type=\"in_container\" full_screen_row_position=\"middle\" column_margin=\"90px\" column_direction=\"default\" column_direction_tablet=\"default\" column_direction_phone=\"default\" scene_position=\"center\" text_color=\"dark\" text_align=\"left\" row_border_radius=\"none\" row_border_radius_applies=\"bg\" row_position_desktop=\"default\" row_position_tablet=\"inherit\" row_position_phone=\"inherit\" overflow=\"visible\" overlay_strength=\"0.3&#8243; gradient_direction=\"left_to_right\" shape_divider_position=\"bottom\" bg_image_animation=\"none\" shape_type=\"\" gradient_type=\"default\"][vc_column column_padding=\"padding-5-percent\" column_padding_tablet=\"inherit\" column_padding_phone=\"inherit\" column_padding_position=\"all\" flex_gap_desktop=\"10px\" column_element_direction_desktop=\"default\" column_element_spacing=\"default\" desktop_text_alignment=\"default\"&#8230;<\/p>\n","protected":false},"author":1,"featured_media":0,"parent":0,"menu_order":0,"comment_status":"closed","ping_status":"closed","template":"","meta":{"footnotes":""},"class_list":["post-6075","page","type-page","status-publish"],"yoast_head":"<!-- This site is optimized with the Yoast SEO plugin v27.3 - https:\/\/yoast.com\/product\/yoast-seo-wordpress\/ -->\n<title>Tutvustus - Hexest Materials<\/title>\n<meta name=\"description\" content=\"Hexest Materials AS on Eesti riigi asutatud ja osalusega \u00e4ri\u00fching. Ettev\u00f5tte \u00fclesandeks on s\u00f5jalise l\u00f5hkeaine tootmise rajamine Eestisse.\" \/>\n<meta name=\"robots\" content=\"index, follow, max-snippet:-1, max-image-preview:large, max-video-preview:-1\" \/>\n<link rel=\"canonical\" href=\"https:\/\/hexestmaterials.ee\/et\/tutvustus\/\" \/>\n<meta property=\"og:locale\" content=\"et_EE\" \/>\n<meta property=\"og:type\" content=\"article\" \/>\n<meta property=\"og:title\" content=\"Tutvustus - Hexest Materials\" \/>\n<meta property=\"og:description\" content=\"Hexest Materials AS on Eesti riigi asutatud ja osalusega \u00e4ri\u00fching. Ettev\u00f5tte \u00fclesandeks on s\u00f5jalise l\u00f5hkeaine tootmise rajamine Eestisse.\" \/>\n<meta property=\"og:url\" content=\"https:\/\/hexestmaterials.ee\/et\/tutvustus\/\" \/>\n<meta property=\"og:site_name\" content=\"Hexest Materials\" \/>\n<meta property=\"article:modified_time\" content=\"2026-01-22T10:53:47+00:00\" \/>\n<meta property=\"og:image\" content=\"https:\/\/hexestmaterials.ee\/wp-content\/uploads\/2026\/01\/hexest-social.jpg\" \/>\n\t<meta property=\"og:image:width\" content=\"1200\" \/>\n\t<meta property=\"og:image:height\" content=\"675\" \/>\n\t<meta property=\"og:image:type\" content=\"image\/jpeg\" \/>\n<meta name=\"twitter:card\" content=\"summary_large_image\" \/>\n<meta name=\"twitter:label1\" content=\"Est. reading time\" \/>\n\t<meta name=\"twitter:data1\" content=\"1 minut\" \/>\n<script type=\"application\/ld+json\" class=\"yoast-schema-graph\">{\"@context\":\"https:\\\/\\\/schema.org\",\"@graph\":[{\"@type\":\"WebPage\",\"@id\":\"https:\\\/\\\/hexestmaterials.ee\\\/et\\\/tutvustus\\\/\",\"url\":\"https:\\\/\\\/hexestmaterials.ee\\\/et\\\/tutvustus\\\/\",\"name\":\"Tutvustus - Hexest Materials\",\"isPartOf\":{\"@id\":\"https:\\\/\\\/hexestmaterials.ee\\\/et\\\/#website\"},\"datePublished\":\"2025-09-14T20:11:00+00:00\",\"dateModified\":\"2026-01-22T10:53:47+00:00\",\"description\":\"Hexest Materials AS on Eesti riigi asutatud ja osalusega \u00e4ri\u00fching. Ettev\u00f5tte \u00fclesandeks on s\u00f5jalise l\u00f5hkeaine tootmise rajamine Eestisse.\",\"breadcrumb\":{\"@id\":\"https:\\\/\\\/hexestmaterials.ee\\\/et\\\/tutvustus\\\/#breadcrumb\"},\"inLanguage\":\"et\",\"potentialAction\":[{\"@type\":\"ReadAction\",\"target\":[\"https:\\\/\\\/hexestmaterials.ee\\\/et\\\/tutvustus\\\/\"]}]},{\"@type\":\"BreadcrumbList\",\"@id\":\"https:\\\/\\\/hexestmaterials.ee\\\/et\\\/tutvustus\\\/#breadcrumb\",\"itemListElement\":[{\"@type\":\"ListItem\",\"position\":1,\"name\":\"Home\",\"item\":\"https:\\\/\\\/hexestmaterials.ee\\\/et\\\/\"},{\"@type\":\"ListItem\",\"position\":2,\"name\":\"Tutvustus\"}]},{\"@type\":\"WebSite\",\"@id\":\"https:\\\/\\\/hexestmaterials.ee\\\/et\\\/#website\",\"url\":\"https:\\\/\\\/hexestmaterials.ee\\\/et\\\/\",\"name\":\"Hexest Materials\",\"description\":\"\",\"publisher\":{\"@id\":\"https:\\\/\\\/hexestmaterials.ee\\\/et\\\/#organization\"},\"potentialAction\":[{\"@type\":\"SearchAction\",\"target\":{\"@type\":\"EntryPoint\",\"urlTemplate\":\"https:\\\/\\\/hexestmaterials.ee\\\/et\\\/?s={search_term_string}\"},\"query-input\":{\"@type\":\"PropertyValueSpecification\",\"valueRequired\":true,\"valueName\":\"search_term_string\"}}],\"inLanguage\":\"et\"},{\"@type\":\"Organization\",\"@id\":\"https:\\\/\\\/hexestmaterials.ee\\\/et\\\/#organization\",\"name\":\"Hexest Materials AS\",\"url\":\"https:\\\/\\\/hexestmaterials.ee\\\/et\\\/\",\"logo\":{\"@type\":\"ImageObject\",\"inLanguage\":\"et\",\"@id\":\"https:\\\/\\\/hexestmaterials.ee\\\/et\\\/#\\\/schema\\\/logo\\\/image\\\/\",\"url\":\"https:\\\/\\\/hexestmaterials.ee\\\/wp-content\\\/uploads\\\/2026\\\/01\\\/hexest-social.jpg\",\"contentUrl\":\"https:\\\/\\\/hexestmaterials.ee\\\/wp-content\\\/uploads\\\/2026\\\/01\\\/hexest-social.jpg\",\"width\":1200,\"height\":675,\"caption\":\"Hexest Materials AS\"},\"image\":{\"@id\":\"https:\\\/\\\/hexestmaterials.ee\\\/et\\\/#\\\/schema\\\/logo\\\/image\\\/\"}}]}<\/script>\n<!-- \/ Yoast SEO plugin. -->","yoast_head_json":{"title":"Tutvustus - Hexest Materials","description":"Hexest Materials AS on Eesti riigi asutatud ja osalusega \u00e4ri\u00fching. Ettev\u00f5tte \u00fclesandeks on s\u00f5jalise l\u00f5hkeaine tootmise rajamine Eestisse.","robots":{"index":"index","follow":"follow","max-snippet":"max-snippet:-1","max-image-preview":"max-image-preview:large","max-video-preview":"max-video-preview:-1"},"canonical":"https:\/\/hexestmaterials.ee\/et\/tutvustus\/","og_locale":"et_EE","og_type":"article","og_title":"Tutvustus - Hexest Materials","og_description":"Hexest Materials AS on Eesti riigi asutatud ja osalusega \u00e4ri\u00fching. Ettev\u00f5tte \u00fclesandeks on s\u00f5jalise l\u00f5hkeaine tootmise rajamine Eestisse.","og_url":"https:\/\/hexestmaterials.ee\/et\/tutvustus\/","og_site_name":"Hexest Materials","article_modified_time":"2026-01-22T10:53:47+00:00","og_image":[{"width":1200,"height":675,"url":"https:\/\/hexestmaterials.ee\/wp-content\/uploads\/2026\/01\/hexest-social.jpg","type":"image\/jpeg"}],"twitter_card":"summary_large_image","twitter_misc":{"Est. reading time":"1 minut"},"schema":{"@context":"https:\/\/schema.org","@graph":[{"@type":"WebPage","@id":"https:\/\/hexestmaterials.ee\/et\/tutvustus\/","url":"https:\/\/hexestmaterials.ee\/et\/tutvustus\/","name":"Tutvustus - Hexest Materials","isPartOf":{"@id":"https:\/\/hexestmaterials.ee\/et\/#website"},"datePublished":"2025-09-14T20:11:00+00:00","dateModified":"2026-01-22T10:53:47+00:00","description":"Hexest Materials AS on Eesti riigi asutatud ja osalusega \u00e4ri\u00fching. Ettev\u00f5tte \u00fclesandeks on s\u00f5jalise l\u00f5hkeaine tootmise rajamine Eestisse.","breadcrumb":{"@id":"https:\/\/hexestmaterials.ee\/et\/tutvustus\/#breadcrumb"},"inLanguage":"et","potentialAction":[{"@type":"ReadAction","target":["https:\/\/hexestmaterials.ee\/et\/tutvustus\/"]}]},{"@type":"BreadcrumbList","@id":"https:\/\/hexestmaterials.ee\/et\/tutvustus\/#breadcrumb","itemListElement":[{"@type":"ListItem","position":1,"name":"Home","item":"https:\/\/hexestmaterials.ee\/et\/"},{"@type":"ListItem","position":2,"name":"Tutvustus"}]},{"@type":"WebSite","@id":"https:\/\/hexestmaterials.ee\/et\/#website","url":"https:\/\/hexestmaterials.ee\/et\/","name":"Hexest Materials","description":"","publisher":{"@id":"https:\/\/hexestmaterials.ee\/et\/#organization"},"potentialAction":[{"@type":"SearchAction","target":{"@type":"EntryPoint","urlTemplate":"https:\/\/hexestmaterials.ee\/et\/?s={search_term_string}"},"query-input":{"@type":"PropertyValueSpecification","valueRequired":true,"valueName":"search_term_string"}}],"inLanguage":"et"},{"@type":"Organization","@id":"https:\/\/hexestmaterials.ee\/et\/#organization","name":"Hexest Materials AS","url":"https:\/\/hexestmaterials.ee\/et\/","logo":{"@type":"ImageObject","inLanguage":"et","@id":"https:\/\/hexestmaterials.ee\/et\/#\/schema\/logo\/image\/","url":"https:\/\/hexestmaterials.ee\/wp-content\/uploads\/2026\/01\/hexest-social.jpg","contentUrl":"https:\/\/hexestmaterials.ee\/wp-content\/uploads\/2026\/01\/hexest-social.jpg","width":1200,"height":675,"caption":"Hexest Materials AS"},"image":{"@id":"https:\/\/hexestmaterials.ee\/et\/#\/schema\/logo\/image\/"}}]}},"_links":{"self":[{"href":"https:\/\/hexestmaterials.ee\/et\/wp-json\/wp\/v2\/pages\/6075","targetHints":{"allow":["GET"]}}],"collection":[{"href":"https:\/\/hexestmaterials.ee\/et\/wp-json\/wp\/v2\/pages"}],"about":[{"href":"https:\/\/hexestmaterials.ee\/et\/wp-json\/wp\/v2\/types\/page"}],"author":[{"embeddable":true,"href":"https:\/\/hexestmaterials.ee\/et\/wp-json\/wp\/v2\/users\/1"}],"replies":[{"embeddable":true,"href":"https:\/\/hexestmaterials.ee\/et\/wp-json\/wp\/v2\/comments?post=6075"}],"version-history":[{"count":16,"href":"https:\/\/hexestmaterials.ee\/et\/wp-json\/wp\/v2\/pages\/6075\/revisions"}],"predecessor-version":[{"id":6625,"href":"https:\/\/hexestmaterials.ee\/et\/wp-json\/wp\/v2\/pages\/6075\/revisions\/6625"}],"wp:attachment":[{"href":"https:\/\/hexestmaterials.ee\/et\/wp-json\/wp\/v2\/media?parent=6075"}],"curies":[{"name":"wp","href":"https:\/\/api.w.org\/{rel}","templated":true}]}}