{"id":6376,"date":"2026-01-10T20:52:30","date_gmt":"2026-01-10T18:52:30","guid":{"rendered":"https:\/\/hexestmaterials.ee\/?page_id=6376"},"modified":"2026-01-11T11:23:37","modified_gmt":"2026-01-11T09:23:37","slug":"kupsistepoliitika-hexest-materials-as","status":"publish","type":"page","link":"https:\/\/hexestmaterials.ee\/et\/kupsistepoliitika-hexest-materials-as\/","title":{"rendered":"K\u00fcpsistepoliitika \u2013 Hexest Materials AS"},"content":{"rendered":"\n<div style=\"height:48px\" aria-hidden=\"true\" class=\"wp-block-spacer\"><\/div>\n\n\n\n<h2 class=\"wp-block-heading\">K\u00fcpsistepoliitika \u2013 Hexest Materials AS<\/h2>\n\n\n\n<p><strong>Viimati uuendatud:<\/strong>&nbsp;10. jaanuar 2026<\/p>\n\n\n\n<div style=\"height:29px\" aria-hidden=\"true\" class=\"wp-block-spacer\"><\/div>\n\n\n\n<h3 class=\"wp-block-heading\">1. Mis on k\u00fcpsised?<\/h3>\n\n\n\n<p>K\u00fcpsised on v\u00e4ikesed tekstifailid, mis salvestatakse teie seadmesse, kui k\u00fclastate meie veebilehte. Need aitavad meil pakkuda paremat kasutajakogemust ja anal\u00fc\u00fcsida veebilehe toimimist.<\/p>\n\n\n\n<h3 class=\"wp-block-heading\">2. Milliseid k\u00fcpsiseid kasutame?<\/h3>\n\n\n\n<ul class=\"wp-block-list\">\n<li><strong>H\u00e4davajalikud k\u00fcpsised:<\/strong>&nbsp;tagavad veebilehe p\u00f5hifunktsioonid.<\/li>\n\n\n\n<li><strong>Statistikak\u00fcpsised:<\/strong>&nbsp;aitavad m\u00f5ista, kuidas k\u00fclastajad lehte kasutavad.<\/li>\n\n\n\n<li><strong>Turundusk\u00fcpsised:<\/strong>&nbsp;v\u00f5imaldavad n\u00e4idata sihitud reklaame.<\/li>\n<\/ul>\n\n\n\n<h3 class=\"wp-block-heading\">3. K\u00fcpsiste kasutamise eesm\u00e4rk<\/h3>\n\n\n\n<p>Kasutame k\u00fcpsiseid, et:<\/p>\n\n\n\n<ul class=\"wp-block-list\">\n<li>Parandada veebilehe funktsionaalsust.<\/li>\n\n\n\n<li>Anal\u00fc\u00fcsida liiklust ja kasutajak\u00e4itumist.<\/li>\n\n\n\n<li>Pakkuda personaliseeritud sisu ja reklaame.<\/li>\n<\/ul>\n\n\n\n<h3 class=\"wp-block-heading\">4. K\u00fcpsiste haldamine<\/h3>\n\n\n\n<p>Teil on \u00f5igus k\u00fcpsiste kasutamist piirata v\u00f5i keelata oma brauseri seadetes. Palun arvestage, et k\u00fcpsiste keelamine v\u00f5ib m\u00f5jutada veebilehe toimimist.<\/p>\n\n\n\n<h3 class=\"wp-block-heading\">5. Kolmandate osapoolte k\u00fcpsised<\/h3>\n\n\n\n<p>Meie veebileht v\u00f5ib kasutada kolmandate osapoolte k\u00fcpsiseid (nt Google Analytics), et anal\u00fc\u00fcsida liiklust ja parandada teenuseid.<\/p>\n\n\n\n<h3 class=\"wp-block-heading\">6. N\u00f5usolek<\/h3>\n\n\n\n<p>K\u00fcpsiste kasutamiseks k\u00fcsime teie n\u00f5usolekut, kui k\u00fclastate meie veebilehte esimest korda.<\/p>\n\n\n\n<h3 class=\"wp-block-heading\">7. Kontakt<\/h3>\n\n\n\n<p>info@hexestmaterials.ee<\/p>\n\n\n\n<p>Hexest Materials AS privaatsuspoliitika on leitav j\u00e4rgmisel lingil: <a href=\"https:\/\/hexestmaterials.ee\/andmekaitsetingimused\/\">privaatsuspoliitika<\/a>.<\/p>\n\n\n\n<p><\/p>\n\n\n\n<p><\/p>\n","protected":false},"excerpt":{"rendered":"<p>K\u00fcpsistepoliitika \u2013 Hexest Materials AS Viimati uuendatud:&nbsp;10. jaanuar 2026 1. Mis on k\u00fcpsised? K\u00fcpsised on v\u00e4ikesed tekstifailid, mis salvestatakse teie seadmesse, kui k\u00fclastate meie veebilehte. Need aitavad meil pakkuda paremat&#8230;<\/p>\n","protected":false},"author":2,"featured_media":0,"parent":0,"menu_order":0,"comment_status":"closed","ping_status":"closed","template":"","meta":{"footnotes":""},"class_list":["post-6376","page","type-page","status-publish"],"yoast_head":"<!-- This site is optimized with the Yoast SEO plugin v27.3 - https:\/\/yoast.com\/product\/yoast-seo-wordpress\/ -->\n<title>K\u00fcpsistepoliitika \u2013 Hexest Materials AS - Hexest Materials<\/title>\n<meta name=\"robots\" content=\"index, follow, max-snippet:-1, max-image-preview:large, max-video-preview:-1\" \/>\n<link rel=\"canonical\" href=\"https:\/\/hexestmaterials.ee\/et\/kupsistepoliitika-hexest-materials-as\/\" \/>\n<meta property=\"og:locale\" content=\"et_EE\" \/>\n<meta property=\"og:type\" content=\"article\" \/>\n<meta property=\"og:title\" content=\"K\u00fcpsistepoliitika \u2013 Hexest Materials AS - Hexest Materials\" \/>\n<meta property=\"og:description\" content=\"K\u00fcpsistepoliitika \u2013 Hexest Materials AS Viimati uuendatud:&nbsp;10. jaanuar 2026 1. Mis on k\u00fcpsised? K\u00fcpsised on v\u00e4ikesed tekstifailid, mis salvestatakse teie seadmesse, kui k\u00fclastate meie veebilehte. Need aitavad meil pakkuda paremat...\" \/>\n<meta property=\"og:url\" content=\"https:\/\/hexestmaterials.ee\/et\/kupsistepoliitika-hexest-materials-as\/\" \/>\n<meta property=\"og:site_name\" content=\"Hexest Materials\" \/>\n<meta property=\"article:modified_time\" content=\"2026-01-11T09:23:37+00:00\" \/>\n<meta property=\"og:image\" content=\"https:\/\/hexestmaterials.ee\/wp-content\/uploads\/2026\/01\/hexest-social.jpg\" \/>\n\t<meta property=\"og:image:width\" content=\"1200\" \/>\n\t<meta property=\"og:image:height\" content=\"675\" \/>\n\t<meta property=\"og:image:type\" content=\"image\/jpeg\" \/>\n<meta name=\"twitter:card\" content=\"summary_large_image\" \/>\n<meta name=\"twitter:label1\" content=\"Est. reading time\" \/>\n\t<meta name=\"twitter:data1\" content=\"1 minut\" \/>\n<script type=\"application\/ld+json\" class=\"yoast-schema-graph\">{\"@context\":\"https:\\\/\\\/schema.org\",\"@graph\":[{\"@type\":\"WebPage\",\"@id\":\"https:\\\/\\\/hexestmaterials.ee\\\/et\\\/kupsistepoliitika-hexest-materials-as\\\/\",\"url\":\"https:\\\/\\\/hexestmaterials.ee\\\/et\\\/kupsistepoliitika-hexest-materials-as\\\/\",\"name\":\"K\u00fcpsistepoliitika \u2013 Hexest Materials AS - Hexest Materials\",\"isPartOf\":{\"@id\":\"https:\\\/\\\/hexestmaterials.ee\\\/et\\\/#website\"},\"datePublished\":\"2026-01-10T18:52:30+00:00\",\"dateModified\":\"2026-01-11T09:23:37+00:00\",\"breadcrumb\":{\"@id\":\"https:\\\/\\\/hexestmaterials.ee\\\/et\\\/kupsistepoliitika-hexest-materials-as\\\/#breadcrumb\"},\"inLanguage\":\"et\",\"potentialAction\":[{\"@type\":\"ReadAction\",\"target\":[\"https:\\\/\\\/hexestmaterials.ee\\\/et\\\/kupsistepoliitika-hexest-materials-as\\\/\"]}]},{\"@type\":\"BreadcrumbList\",\"@id\":\"https:\\\/\\\/hexestmaterials.ee\\\/et\\\/kupsistepoliitika-hexest-materials-as\\\/#breadcrumb\",\"itemListElement\":[{\"@type\":\"ListItem\",\"position\":1,\"name\":\"Home\",\"item\":\"https:\\\/\\\/hexestmaterials.ee\\\/et\\\/\"},{\"@type\":\"ListItem\",\"position\":2,\"name\":\"K\u00fcpsistepoliitika \u2013 Hexest Materials AS\"}]},{\"@type\":\"WebSite\",\"@id\":\"https:\\\/\\\/hexestmaterials.ee\\\/et\\\/#website\",\"url\":\"https:\\\/\\\/hexestmaterials.ee\\\/et\\\/\",\"name\":\"Hexest Materials\",\"description\":\"\",\"publisher\":{\"@id\":\"https:\\\/\\\/hexestmaterials.ee\\\/et\\\/#organization\"},\"potentialAction\":[{\"@type\":\"SearchAction\",\"target\":{\"@type\":\"EntryPoint\",\"urlTemplate\":\"https:\\\/\\\/hexestmaterials.ee\\\/et\\\/?s={search_term_string}\"},\"query-input\":{\"@type\":\"PropertyValueSpecification\",\"valueRequired\":true,\"valueName\":\"search_term_string\"}}],\"inLanguage\":\"et\"},{\"@type\":\"Organization\",\"@id\":\"https:\\\/\\\/hexestmaterials.ee\\\/et\\\/#organization\",\"name\":\"Hexest Materials AS\",\"url\":\"https:\\\/\\\/hexestmaterials.ee\\\/et\\\/\",\"logo\":{\"@type\":\"ImageObject\",\"inLanguage\":\"et\",\"@id\":\"https:\\\/\\\/hexestmaterials.ee\\\/et\\\/#\\\/schema\\\/logo\\\/image\\\/\",\"url\":\"https:\\\/\\\/hexestmaterials.ee\\\/wp-content\\\/uploads\\\/2026\\\/01\\\/hexest-social.jpg\",\"contentUrl\":\"https:\\\/\\\/hexestmaterials.ee\\\/wp-content\\\/uploads\\\/2026\\\/01\\\/hexest-social.jpg\",\"width\":1200,\"height\":675,\"caption\":\"Hexest Materials AS\"},\"image\":{\"@id\":\"https:\\\/\\\/hexestmaterials.ee\\\/et\\\/#\\\/schema\\\/logo\\\/image\\\/\"}}]}<\/script>\n<!-- \/ Yoast SEO plugin. -->","yoast_head_json":{"title":"K\u00fcpsistepoliitika \u2013 Hexest Materials AS - Hexest Materials","robots":{"index":"index","follow":"follow","max-snippet":"max-snippet:-1","max-image-preview":"max-image-preview:large","max-video-preview":"max-video-preview:-1"},"canonical":"https:\/\/hexestmaterials.ee\/et\/kupsistepoliitika-hexest-materials-as\/","og_locale":"et_EE","og_type":"article","og_title":"K\u00fcpsistepoliitika \u2013 Hexest Materials AS - Hexest Materials","og_description":"K\u00fcpsistepoliitika \u2013 Hexest Materials AS Viimati uuendatud:&nbsp;10. jaanuar 2026 1. Mis on k\u00fcpsised? K\u00fcpsised on v\u00e4ikesed tekstifailid, mis salvestatakse teie seadmesse, kui k\u00fclastate meie veebilehte. Need aitavad meil pakkuda paremat...","og_url":"https:\/\/hexestmaterials.ee\/et\/kupsistepoliitika-hexest-materials-as\/","og_site_name":"Hexest Materials","article_modified_time":"2026-01-11T09:23:37+00:00","og_image":[{"width":1200,"height":675,"url":"https:\/\/hexestmaterials.ee\/wp-content\/uploads\/2026\/01\/hexest-social.jpg","type":"image\/jpeg"}],"twitter_card":"summary_large_image","twitter_misc":{"Est. reading time":"1 minut"},"schema":{"@context":"https:\/\/schema.org","@graph":[{"@type":"WebPage","@id":"https:\/\/hexestmaterials.ee\/et\/kupsistepoliitika-hexest-materials-as\/","url":"https:\/\/hexestmaterials.ee\/et\/kupsistepoliitika-hexest-materials-as\/","name":"K\u00fcpsistepoliitika \u2013 Hexest Materials AS - Hexest Materials","isPartOf":{"@id":"https:\/\/hexestmaterials.ee\/et\/#website"},"datePublished":"2026-01-10T18:52:30+00:00","dateModified":"2026-01-11T09:23:37+00:00","breadcrumb":{"@id":"https:\/\/hexestmaterials.ee\/et\/kupsistepoliitika-hexest-materials-as\/#breadcrumb"},"inLanguage":"et","potentialAction":[{"@type":"ReadAction","target":["https:\/\/hexestmaterials.ee\/et\/kupsistepoliitika-hexest-materials-as\/"]}]},{"@type":"BreadcrumbList","@id":"https:\/\/hexestmaterials.ee\/et\/kupsistepoliitika-hexest-materials-as\/#breadcrumb","itemListElement":[{"@type":"ListItem","position":1,"name":"Home","item":"https:\/\/hexestmaterials.ee\/et\/"},{"@type":"ListItem","position":2,"name":"K\u00fcpsistepoliitika \u2013 Hexest Materials AS"}]},{"@type":"WebSite","@id":"https:\/\/hexestmaterials.ee\/et\/#website","url":"https:\/\/hexestmaterials.ee\/et\/","name":"Hexest Materials","description":"","publisher":{"@id":"https:\/\/hexestmaterials.ee\/et\/#organization"},"potentialAction":[{"@type":"SearchAction","target":{"@type":"EntryPoint","urlTemplate":"https:\/\/hexestmaterials.ee\/et\/?s={search_term_string}"},"query-input":{"@type":"PropertyValueSpecification","valueRequired":true,"valueName":"search_term_string"}}],"inLanguage":"et"},{"@type":"Organization","@id":"https:\/\/hexestmaterials.ee\/et\/#organization","name":"Hexest Materials AS","url":"https:\/\/hexestmaterials.ee\/et\/","logo":{"@type":"ImageObject","inLanguage":"et","@id":"https:\/\/hexestmaterials.ee\/et\/#\/schema\/logo\/image\/","url":"https:\/\/hexestmaterials.ee\/wp-content\/uploads\/2026\/01\/hexest-social.jpg","contentUrl":"https:\/\/hexestmaterials.ee\/wp-content\/uploads\/2026\/01\/hexest-social.jpg","width":1200,"height":675,"caption":"Hexest Materials AS"},"image":{"@id":"https:\/\/hexestmaterials.ee\/et\/#\/schema\/logo\/image\/"}}]}},"_links":{"self":[{"href":"https:\/\/hexestmaterials.ee\/et\/wp-json\/wp\/v2\/pages\/6376","targetHints":{"allow":["GET"]}}],"collection":[{"href":"https:\/\/hexestmaterials.ee\/et\/wp-json\/wp\/v2\/pages"}],"about":[{"href":"https:\/\/hexestmaterials.ee\/et\/wp-json\/wp\/v2\/types\/page"}],"author":[{"embeddable":true,"href":"https:\/\/hexestmaterials.ee\/et\/wp-json\/wp\/v2\/users\/2"}],"replies":[{"embeddable":true,"href":"https:\/\/hexestmaterials.ee\/et\/wp-json\/wp\/v2\/comments?post=6376"}],"version-history":[{"count":6,"href":"https:\/\/hexestmaterials.ee\/et\/wp-json\/wp\/v2\/pages\/6376\/revisions"}],"predecessor-version":[{"id":6465,"href":"https:\/\/hexestmaterials.ee\/et\/wp-json\/wp\/v2\/pages\/6376\/revisions\/6465"}],"wp:attachment":[{"href":"https:\/\/hexestmaterials.ee\/et\/wp-json\/wp\/v2\/media?parent=6376"}],"curies":[{"name":"wp","href":"https:\/\/api.w.org\/{rel}","templated":true}]}}