{"id":6680,"date":"2026-03-10T18:57:02","date_gmt":"2026-03-10T16:57:02","guid":{"rendered":"https:\/\/hexestmaterials.ee\/?page_id=6680"},"modified":"2026-03-10T18:57:02","modified_gmt":"2026-03-10T16:57:02","slug":"rikkumise-teavitus","status":"publish","type":"page","link":"https:\/\/hexestmaterials.ee\/et\/rikkumise-teavitus\/","title":{"rendered":"Rikkumise teavitus"},"content":{"rendered":"\n\n<div class=\"wpcf7 no-js\" id=\"wpcf7-f6679-o1\" lang=\"en-GB\" dir=\"ltr\" data-wpcf7-id=\"6679\">\n<div class=\"screen-reader-response\"><p role=\"status\" aria-live=\"polite\" aria-atomic=\"true\"><\/p> <ul><\/ul><\/div>\n<form action=\"\/et\/wp-json\/wp\/v2\/pages\/6680#wpcf7-f6679-o1\" method=\"post\" class=\"wpcf7-form init\" aria-label=\"Contact form\" enctype=\"multipart\/form-data\" novalidate=\"novalidate\" data-status=\"init\">\n<fieldset class=\"hidden-fields-container\"><input type=\"hidden\" name=\"_wpcf7\" value=\"6679\" \/><input type=\"hidden\" name=\"_wpcf7_version\" value=\"6.1.5\" \/><input type=\"hidden\" name=\"_wpcf7_locale\" value=\"en_GB\" \/><input type=\"hidden\" name=\"_wpcf7_unit_tag\" value=\"wpcf7-f6679-o1\" \/><input type=\"hidden\" name=\"_wpcf7_container_post\" value=\"0\" \/><input type=\"hidden\" name=\"_wpcf7_posted_data_hash\" value=\"\" \/>\n<\/fieldset>\n<p><label> Teema (valikuline)<br \/>\n<span class=\"wpcf7-form-control-wrap\" data-name=\"tema\"><input size=\"40\" maxlength=\"400\" class=\"wpcf7-form-control wpcf7-text\" aria-invalid=\"false\" placeholder=\"Teema (nt hankerikkumine, ohutusjuhtum, huvide konflikt)\" value=\"\" type=\"text\" name=\"tema\" \/><\/span><br \/>\n<\/label>\n<\/p>\n<p><label> Rikkumise kirjeldus (kohustuslik)<br \/>\n<span class=\"wpcf7-form-control-wrap\" data-name=\"kirjeldus\"><textarea cols=\"40\" rows=\"10\" maxlength=\"2000\" class=\"wpcf7-form-control wpcf7-textarea wpcf7-validates-as-required\" aria-required=\"true\" aria-invalid=\"false\" placeholder=\"Kirjelda rikkumist v\u00f5i kahtlust v\u00f5imalikult t\u00e4pselt (kes? mis? kus? millal?)\" name=\"kirjeldus\"><\/textarea><\/span><br \/>\n<\/label>\n<\/p>\n<p><label> Lisainfo (valikuline)<br \/>\n<span class=\"wpcf7-form-control-wrap\" data-name=\"lisainfo\"><textarea cols=\"40\" rows=\"10\" maxlength=\"2000\" class=\"wpcf7-form-control wpcf7-textarea\" aria-invalid=\"false\" placeholder=\"T\u00e4iendavad asjaolud, kuup\u00e4evad, seosed, viited dokumentidele (kui sobib)\" name=\"lisainfo\"><\/textarea><\/span><br \/>\n<\/label>\n<\/p>\n<p><label> Kontakt (valikuline)<br \/>\n<span class=\"wpcf7-form-control-wrap\" data-name=\"kontakt\"><input size=\"40\" maxlength=\"400\" class=\"wpcf7-form-control wpcf7-email wpcf7-text wpcf7-validates-as-email\" aria-invalid=\"false\" placeholder=\"Kui soovid tagasisidet, sisesta e\u2011post (pole kohustuslik)\" value=\"\" type=\"email\" name=\"kontakt\" \/><\/span><br \/>\n<\/label>\n<\/p>\n<p><label> Lisa fail (valikuline, kuni 10 MB, t\u00fc\u00fcbid: pdf\/jpg\/png)<br \/>\n<span class=\"wpcf7-form-control-wrap\" data-name=\"fail\"><input size=\"40\" class=\"wpcf7-form-control wpcf7-file\" accept=\".pdf,.jpg,.jpeg,.png\" aria-invalid=\"false\" type=\"file\" name=\"fail\" \/><\/span><br \/>\n<\/label>\n<\/p>\n<p><input class=\"wpcf7-form-control wpcf7-submit has-spinner\" type=\"submit\" value=\"Saada konfidentsiaalne teavitus\" \/>\n<\/p><div class=\"wpcf7-response-output\" aria-hidden=\"true\"><\/div>\n<\/form>\n<\/div>\n\n\n\n\n<p><\/p>\n","protected":false},"excerpt":{"rendered":"Teema (valikuline) Rikkumise kirjeldus (kohustuslik) Lisainfo (valikuline) Kontakt (valikuline) Lisa fail (valikuline, kuni 10 MB, t\u00fc\u00fcbid: pdf\/jpg\/png)","protected":false},"author":2,"featured_media":0,"parent":0,"menu_order":0,"comment_status":"closed","ping_status":"closed","template":"","meta":{"footnotes":""},"class_list":["post-6680","page","type-page","status-publish"],"yoast_head":"<!-- This site is optimized with the Yoast SEO plugin v27.5 - https:\/\/yoast.com\/product\/yoast-seo-wordpress\/ -->\n<title>Rikkumise teavitus - Hexest Materials<\/title>\n<meta name=\"robots\" content=\"index, follow, max-snippet:-1, max-image-preview:large, max-video-preview:-1\" \/>\n<link rel=\"canonical\" href=\"https:\/\/hexestmaterials.ee\/et\/rikkumise-teavitus\/\" \/>\n<meta property=\"og:locale\" content=\"et_EE\" \/>\n<meta property=\"og:type\" content=\"article\" \/>\n<meta property=\"og:title\" content=\"Rikkumise teavitus - Hexest Materials\" \/>\n<meta property=\"og:url\" content=\"https:\/\/hexestmaterials.ee\/et\/rikkumise-teavitus\/\" \/>\n<meta property=\"og:site_name\" content=\"Hexest Materials\" \/>\n<meta property=\"og:image\" content=\"https:\/\/hexestmaterials.ee\/wp-content\/uploads\/2026\/01\/hexest-social.jpg\" \/>\n\t<meta property=\"og:image:width\" content=\"1200\" \/>\n\t<meta property=\"og:image:height\" content=\"675\" \/>\n\t<meta property=\"og:image:type\" content=\"image\/jpeg\" \/>\n<meta name=\"twitter:card\" content=\"summary_large_image\" \/>\n<meta name=\"twitter:label1\" content=\"Est. reading time\" \/>\n\t<meta name=\"twitter:data1\" content=\"1 minut\" \/>\n<script type=\"application\/ld+json\" class=\"yoast-schema-graph\">{\"@context\":\"https:\\\/\\\/schema.org\",\"@graph\":[{\"@type\":\"WebPage\",\"@id\":\"https:\\\/\\\/hexestmaterials.ee\\\/et\\\/rikkumise-teavitus\\\/\",\"url\":\"https:\\\/\\\/hexestmaterials.ee\\\/et\\\/rikkumise-teavitus\\\/\",\"name\":\"Rikkumise teavitus - Hexest Materials\",\"isPartOf\":{\"@id\":\"https:\\\/\\\/hexestmaterials.ee\\\/et\\\/#website\"},\"datePublished\":\"2026-03-10T16:57:02+00:00\",\"breadcrumb\":{\"@id\":\"https:\\\/\\\/hexestmaterials.ee\\\/et\\\/rikkumise-teavitus\\\/#breadcrumb\"},\"inLanguage\":\"et\",\"potentialAction\":[{\"@type\":\"ReadAction\",\"target\":[\"https:\\\/\\\/hexestmaterials.ee\\\/et\\\/rikkumise-teavitus\\\/\"]}]},{\"@type\":\"BreadcrumbList\",\"@id\":\"https:\\\/\\\/hexestmaterials.ee\\\/et\\\/rikkumise-teavitus\\\/#breadcrumb\",\"itemListElement\":[{\"@type\":\"ListItem\",\"position\":1,\"name\":\"Home\",\"item\":\"https:\\\/\\\/hexestmaterials.ee\\\/et\\\/\"},{\"@type\":\"ListItem\",\"position\":2,\"name\":\"Rikkumise teavitus\"}]},{\"@type\":\"WebSite\",\"@id\":\"https:\\\/\\\/hexestmaterials.ee\\\/et\\\/#website\",\"url\":\"https:\\\/\\\/hexestmaterials.ee\\\/et\\\/\",\"name\":\"Hexest Materials\",\"description\":\"\",\"publisher\":{\"@id\":\"https:\\\/\\\/hexestmaterials.ee\\\/et\\\/#organization\"},\"potentialAction\":[{\"@type\":\"SearchAction\",\"target\":{\"@type\":\"EntryPoint\",\"urlTemplate\":\"https:\\\/\\\/hexestmaterials.ee\\\/et\\\/?s={search_term_string}\"},\"query-input\":{\"@type\":\"PropertyValueSpecification\",\"valueRequired\":true,\"valueName\":\"search_term_string\"}}],\"inLanguage\":\"et\"},{\"@type\":\"Organization\",\"@id\":\"https:\\\/\\\/hexestmaterials.ee\\\/et\\\/#organization\",\"name\":\"Hexest Materials AS\",\"url\":\"https:\\\/\\\/hexestmaterials.ee\\\/et\\\/\",\"logo\":{\"@type\":\"ImageObject\",\"inLanguage\":\"et\",\"@id\":\"https:\\\/\\\/hexestmaterials.ee\\\/et\\\/#\\\/schema\\\/logo\\\/image\\\/\",\"url\":\"https:\\\/\\\/hexestmaterials.ee\\\/wp-content\\\/uploads\\\/2026\\\/01\\\/hexest-social.jpg\",\"contentUrl\":\"https:\\\/\\\/hexestmaterials.ee\\\/wp-content\\\/uploads\\\/2026\\\/01\\\/hexest-social.jpg\",\"width\":1200,\"height\":675,\"caption\":\"Hexest Materials AS\"},\"image\":{\"@id\":\"https:\\\/\\\/hexestmaterials.ee\\\/et\\\/#\\\/schema\\\/logo\\\/image\\\/\"}}]}<\/script>\n<!-- \/ Yoast SEO plugin. -->","yoast_head_json":{"title":"Rikkumise teavitus - Hexest Materials","robots":{"index":"index","follow":"follow","max-snippet":"max-snippet:-1","max-image-preview":"max-image-preview:large","max-video-preview":"max-video-preview:-1"},"canonical":"https:\/\/hexestmaterials.ee\/et\/rikkumise-teavitus\/","og_locale":"et_EE","og_type":"article","og_title":"Rikkumise teavitus - Hexest Materials","og_url":"https:\/\/hexestmaterials.ee\/et\/rikkumise-teavitus\/","og_site_name":"Hexest Materials","og_image":[{"width":1200,"height":675,"url":"https:\/\/hexestmaterials.ee\/wp-content\/uploads\/2026\/01\/hexest-social.jpg","type":"image\/jpeg"}],"twitter_card":"summary_large_image","twitter_misc":{"Est. reading time":"1 minut"},"schema":{"@context":"https:\/\/schema.org","@graph":[{"@type":"WebPage","@id":"https:\/\/hexestmaterials.ee\/et\/rikkumise-teavitus\/","url":"https:\/\/hexestmaterials.ee\/et\/rikkumise-teavitus\/","name":"Rikkumise teavitus - Hexest Materials","isPartOf":{"@id":"https:\/\/hexestmaterials.ee\/et\/#website"},"datePublished":"2026-03-10T16:57:02+00:00","breadcrumb":{"@id":"https:\/\/hexestmaterials.ee\/et\/rikkumise-teavitus\/#breadcrumb"},"inLanguage":"et","potentialAction":[{"@type":"ReadAction","target":["https:\/\/hexestmaterials.ee\/et\/rikkumise-teavitus\/"]}]},{"@type":"BreadcrumbList","@id":"https:\/\/hexestmaterials.ee\/et\/rikkumise-teavitus\/#breadcrumb","itemListElement":[{"@type":"ListItem","position":1,"name":"Home","item":"https:\/\/hexestmaterials.ee\/et\/"},{"@type":"ListItem","position":2,"name":"Rikkumise teavitus"}]},{"@type":"WebSite","@id":"https:\/\/hexestmaterials.ee\/et\/#website","url":"https:\/\/hexestmaterials.ee\/et\/","name":"Hexest Materials","description":"","publisher":{"@id":"https:\/\/hexestmaterials.ee\/et\/#organization"},"potentialAction":[{"@type":"SearchAction","target":{"@type":"EntryPoint","urlTemplate":"https:\/\/hexestmaterials.ee\/et\/?s={search_term_string}"},"query-input":{"@type":"PropertyValueSpecification","valueRequired":true,"valueName":"search_term_string"}}],"inLanguage":"et"},{"@type":"Organization","@id":"https:\/\/hexestmaterials.ee\/et\/#organization","name":"Hexest Materials AS","url":"https:\/\/hexestmaterials.ee\/et\/","logo":{"@type":"ImageObject","inLanguage":"et","@id":"https:\/\/hexestmaterials.ee\/et\/#\/schema\/logo\/image\/","url":"https:\/\/hexestmaterials.ee\/wp-content\/uploads\/2026\/01\/hexest-social.jpg","contentUrl":"https:\/\/hexestmaterials.ee\/wp-content\/uploads\/2026\/01\/hexest-social.jpg","width":1200,"height":675,"caption":"Hexest Materials AS"},"image":{"@id":"https:\/\/hexestmaterials.ee\/et\/#\/schema\/logo\/image\/"}}]}},"_links":{"self":[{"href":"https:\/\/hexestmaterials.ee\/et\/wp-json\/wp\/v2\/pages\/6680","targetHints":{"allow":["GET"]}}],"collection":[{"href":"https:\/\/hexestmaterials.ee\/et\/wp-json\/wp\/v2\/pages"}],"about":[{"href":"https:\/\/hexestmaterials.ee\/et\/wp-json\/wp\/v2\/types\/page"}],"author":[{"embeddable":true,"href":"https:\/\/hexestmaterials.ee\/et\/wp-json\/wp\/v2\/users\/2"}],"replies":[{"embeddable":true,"href":"https:\/\/hexestmaterials.ee\/et\/wp-json\/wp\/v2\/comments?post=6680"}],"version-history":[{"count":1,"href":"https:\/\/hexestmaterials.ee\/et\/wp-json\/wp\/v2\/pages\/6680\/revisions"}],"predecessor-version":[{"id":6681,"href":"https:\/\/hexestmaterials.ee\/et\/wp-json\/wp\/v2\/pages\/6680\/revisions\/6681"}],"wp:attachment":[{"href":"https:\/\/hexestmaterials.ee\/et\/wp-json\/wp\/v2\/media?parent=6680"}],"curies":[{"name":"wp","href":"https:\/\/api.w.org\/{rel}","templated":true}]}}